{"id":25,"date":"2026-03-28T08:35:21","date_gmt":"2026-03-28T07:35:21","guid":{"rendered":"http:\/\/is-adventure.local\/canam-4-places\/"},"modified":"2026-03-28T14:35:07","modified_gmt":"2026-03-28T13:35:07","slug":"canam-4-places","status":"publish","type":"page","link":"https:\/\/www.is-adventure.com\/en\/canam-4-places\/","title":{"rendered":"CAN AM MAVERICK X3 - 4 Seats"},"content":{"rendered":"<section class=\"isa-hero-section\" style=\"position:relative;min-height:50vh;align-items:center;justify-content:center;padding:120px 20px 60px\">\n<div style=\"position:relative;z-index:10;text-align:center\">\n    <span class=\"isa-badge\"><span class=\"isa-badge-dot\"><\/span> OUR VEHICLES<\/span><\/p>\n<h1 style=\"font-family:'Rajdhani',sans-serif;font-size:clamp(2rem,5vw,3rem);font-weight:700;color:white;margin:16px 0 0\">CAN AM MAVERICK X3 &#8211; 4 Places<\/h1>\n<\/p><\/div>\n<\/section>\n<section style=\"padding:80px 20px;background:#0F172A\">\n<div style=\"max-width:1200px;margin:0 auto;display:flex;gap:60px;flex-wrap:wrap;align-items:center\" class=\"isa-reveal\">\n<div style=\"flex:1;min-width:300px\">\n      <img decoding=\"async\" src=\"https:\/\/www.is-adventure.com\/wp-content\/uploads\/2026\/03\/task_01kmt332fned0bnr8xsvzn1dcz_1774697180_img_3.webp\" alt=\"CAN AM MAVERICK X3 - 4 Places\" style=\"width:100%;border-radius:20px;object-fit:cover;max-height:400px\">\n    <\/div>\n<div style=\"flex:1;min-width:300px\">\n      <span class=\"isa-section-label\">DESCRIPTION<\/span><\/p>\n<h2 class=\"isa-section-title\" style=\"margin-bottom:20px\">CAN AM MAVERICK X3 &#8211; 4 Places<\/h2>\n<p style=\"line-height:1.8\">Le CAN AM MAVERICK X3 en version 4 places est parfait pour les familles et les groupes d&rsquo;amis. Profitez de la m\u00eame puissance et du m\u00eame confort, avec l&rsquo;avantage de partager cette aventure \u00e0 quatre.<\/p>\n<div style=\"gap:8px;margin-top:20px;flex-wrap:wrap\">\n        <span class=\"isa-tag isa-tag-green\">Available<\/span><br \/>\n        <span class=\"isa-tag isa-tag-orange\">Guides included<\/span><br \/>\n        <span class=\"isa-tag isa-tag-muted\">Equipment provided<\/span>\n      <\/div>\n<\/p><\/div>\n<\/p><\/div>\n<\/section>\n<section style=\"padding:60px 20px 80px;background:#1E293B\">\n<div style=\"max-width:800px;margin:0 auto;text-align:center\" class=\"isa-reveal\">\n    <span class=\"isa-section-label\">TARIFS<\/span><\/p>\n<h2 class=\"isa-section-title translation-block\" style=\"margin-bottom:32px\">Our prices<\/h2>\n<table class=\"isa-pricing-table\">\n<thead>\n<tr>\n<th class=\"translation-block\">Duration<\/th>\n<th>Prix Canam x3<\/th>\n<\/tr>\n<\/thead>\n<tbody>\n<tr>\n<td class=\"translation-block\">1 Hour<\/td>\n<td class=\"isa-pricing-highlight\">280\u20ac<\/td>\n<\/tr>\n<tr>\n<td class=\"translation-block\">2 Hours<\/td>\n<td class=\"isa-pricing-highlight\">400\u20ac<\/td>\n<\/tr>\n<tr>\n<td class=\"translation-block\">Half day<\/td>\n<td class=\"isa-pricing-highlight\">500\u20ac<\/td>\n<\/tr>\n<tr>\n<td class=\"translation-block\">1 Day<\/td>\n<td class=\"isa-pricing-highlight\">800\u20ac<\/td>\n<\/tr>\n<\/tbody>\n<\/table>\n<p style=\"font-size:14px;margin:24px 0\">Pour garantir la disponibilit\u00e9, il est conseill\u00e9 de r\u00e9server \u00e0 l&rsquo;avance.<\/p>\n<p class=\"translation-block\">BOOK NOW<\/div>\n<\/section>\n<p><!-- FOOTER --><\/p>","protected":false},"excerpt":{"rendered":"<p>NOS V\u00c9HICULES CAN AM MAVERICK X3 &#8211; 4 Places DESCRIPTION CAN AM MAVERICK X3 &#8211; 4 Places Le CAN AM MAVERICK X3 en version 4 places est parfait pour les familles et les groupes d&rsquo;amis. Profitez de la m\u00eame puissance et du m\u00eame confort, avec l&rsquo;avantage de partager cette aventure \u00e0 quatre. Disponible Guides inclus [&hellip;]<\/p>\n","protected":false},"author":1,"featured_media":0,"parent":0,"menu_order":0,"comment_status":"closed","ping_status":"closed","template":"page-canvas.php","meta":{"footnotes":""},"class_list":["post-25","page","type-page","status-publish","hentry"],"_links":{"self":[{"href":"https:\/\/www.is-adventure.com\/en\/wp-json\/wp\/v2\/pages\/25","targetHints":{"allow":["GET"]}}],"collection":[{"href":"https:\/\/www.is-adventure.com\/en\/wp-json\/wp\/v2\/pages"}],"about":[{"href":"https:\/\/www.is-adventure.com\/en\/wp-json\/wp\/v2\/types\/page"}],"author":[{"embeddable":true,"href":"https:\/\/www.is-adventure.com\/en\/wp-json\/wp\/v2\/users\/1"}],"replies":[{"embeddable":true,"href":"https:\/\/www.is-adventure.com\/en\/wp-json\/wp\/v2\/comments?post=25"}],"version-history":[{"count":7,"href":"https:\/\/www.is-adventure.com\/en\/wp-json\/wp\/v2\/pages\/25\/revisions"}],"predecessor-version":[{"id":177,"href":"https:\/\/www.is-adventure.com\/en\/wp-json\/wp\/v2\/pages\/25\/revisions\/177"}],"wp:attachment":[{"href":"https:\/\/www.is-adventure.com\/en\/wp-json\/wp\/v2\/media?parent=25"}],"curies":[{"name":"wp","href":"https:\/\/api.w.org\/{rel}","templated":true}]}}