{"id":21,"date":"2026-03-28T08:35:21","date_gmt":"2026-03-28T07:35:21","guid":{"rendered":"http:\/\/is-adventure.local\/a-propos\/"},"modified":"2026-03-28T14:34:11","modified_gmt":"2026-03-28T13:34:11","slug":"a-propos","status":"publish","type":"page","link":"https:\/\/www.is-adventure.com\/es\/a-propos\/","title":{"rendered":"ACERCA DE"},"content":{"rendered":"<section class=\"isa-hero-section\" style=\"position:relative;min-height:50vh;align-items:center;justify-content:center;padding:120px 20px 60px\">\n<div style=\"position:relative;z-index:10;text-align:center\">\n    <span class=\"isa-badge\"><span class=\"isa-badge-dot\"><\/span> DESDE 2019<\/span><\/p>\n<h1 style=\"font-family:'Rajdhani',sans-serif;font-size:clamp(2rem,5vw,3rem);font-weight:700;color:white;margin:16px 0 0\">Acerca de <span style=\"color:#F97316\">IS Adventure<\/span><\/h1>\n<p style=\"font-size:18px;margin-top:16px\">Pr\u00eats pour l&rsquo;aventure Saharienne ?<\/p>\n<\/p><\/div>\n<\/section>\n<section style=\"padding:80px 20px;background:#1E293B\">\n<div style=\"max-width:1200px;margin:0 auto;display:flex;gap:60px;flex-wrap:wrap;align-items:center\" class=\"isa-reveal\">\n<div style=\"flex:1;min-width:300px\">\n      <img decoding=\"async\" src=\"https:\/\/www.is-adventure.com\/wp-content\/uploads\/2026\/03\/task_01kmt29pnrfj1r10xf1yffk6pa_1774696354_img_3.webp\" alt=\"IS Adventure Merzouga\" style=\"width:100%;border-radius:20px;object-fit:cover;height:400px\">\n    <\/div>\n<div style=\"flex:1;min-width:300px\">\n      <span class=\"isa-section-label\">NUESTRA HISTORIA<\/span><\/p>\n<h2 class=\"isa-section-title\" style=\"margin-bottom:20px\">Una pasi\u00f3n por el <span style=\"color:#F97316\">desierto<\/span><\/h2>\n<p style=\"color:rgba(255,255,255,0.6);line-height:1.8;margin-bottom:16px\">Explorez les dunes de sable aux portes du Sahara, situ\u00e9es dans le sud-est du Maroc, pr\u00e8s du village de Merzouga, entour\u00e9es par les magnifiques dunes de l&rsquo;Erg Chebbi fa\u00e7onn\u00e9es par le vent.<\/p>\n<p style=\"color:rgba(255,255,255,0.6);line-height:1.8;margin-bottom:16px\">D\u00e9jate sorprender por nuestras excursiones, ya sea solo, en pareja o en familia. Descubre el silencio del desierto y las impresionantes puestas de sol.<\/p>\n<p style=\"line-height:1.8\">Estamos especializados en el alquiler de Quad, Buggy y Can Am. Nuestros circuitos van desde medio d\u00eda hasta varios d\u00edas, acompa\u00f1ados por gu\u00edas locales experimentados.<\/p>\n<\/p><\/div>\n<\/p><\/div>\n<\/section>\n<section style=\"padding:60px 20px;background:#0F172A\">\n<div style=\"max-width:800px;margin:0 auto;display:flex;gap:32px;flex-wrap:wrap;justify-content:center\" class=\"isa-reveal\">\n<div class=\"isa-stat-card\" style=\"flex:1;min-width:200px\">\n<div class=\"isa-stat-number\">2019<\/div>\n<div class=\"isa-stat-label\">A\u00f1o de creaci\u00f3n<\/div>\n<\/div>\n<div class=\"isa-stat-card\" style=\"flex:1;min-width:200px\">\n<div class=\"isa-stat-number\">100 000+<\/div>\n<div class=\"isa-stat-label\">Clientes satisfechos<\/div>\n<\/div>\n<div class=\"isa-stat-card\" style=\"flex:1;min-width:200px\">\n<div class=\"isa-stat-number\">7<\/div>\n<div class=\"isa-stat-label\">D\u00edas abiertos \/ 7<\/div>\n<\/div><\/div>\n<\/section>\n<section style=\"padding:60px 20px 80px;background:#1E293B;text-align:center\">\n<div class=\"isa-reveal\">\n<h2 class=\"isa-section-title\" style=\"margin-bottom:24px\">Pr\u00eat pour l&rsquo;<span style=\"color:#F97316\">aventura<\/span> ?<\/h2>\n<div style=\"gap:16px;justify-content:center;flex-wrap:wrap\">\n      <a href=\"\/es\/tarifs\/\" class=\"isa-btn-primary\">VER NUESTROS PRECIOS<\/a><br \/>\n      <a href=\"\/es\/contact\/\" class=\"isa-btn-secondary\">CONT\u00c1CTENOS<\/a>\n    <\/div>\n<\/p><\/div>\n<\/section>\n<p><!-- FOOTER --><\/p>","protected":false},"excerpt":{"rendered":"<p>DEPUIS 2019 \u00c0 Propos de IS Adventure Pr\u00eats pour l&rsquo;aventure Saharienne ? NOTRE HISTOIRE Une passion pour le d\u00e9sert Explorez les dunes de sable aux portes du Sahara, situ\u00e9es dans le sud-est du Maroc, pr\u00e8s du village de Merzouga, entour\u00e9es par les magnifiques dunes de l&rsquo;Erg Chebbi fa\u00e7onn\u00e9es par le vent. Laissez-vous surprendre par nos [&hellip;]<\/p>\n","protected":false},"author":1,"featured_media":0,"parent":0,"menu_order":0,"comment_status":"closed","ping_status":"closed","template":"page-canvas.php","meta":{"footnotes":""},"class_list":["post-21","page","type-page","status-publish","hentry"],"_links":{"self":[{"href":"https:\/\/www.is-adventure.com\/es\/wp-json\/wp\/v2\/pages\/21","targetHints":{"allow":["GET"]}}],"collection":[{"href":"https:\/\/www.is-adventure.com\/es\/wp-json\/wp\/v2\/pages"}],"about":[{"href":"https:\/\/www.is-adventure.com\/es\/wp-json\/wp\/v2\/types\/page"}],"author":[{"embeddable":true,"href":"https:\/\/www.is-adventure.com\/es\/wp-json\/wp\/v2\/users\/1"}],"replies":[{"embeddable":true,"href":"https:\/\/www.is-adventure.com\/es\/wp-json\/wp\/v2\/comments?post=21"}],"version-history":[{"count":9,"href":"https:\/\/www.is-adventure.com\/es\/wp-json\/wp\/v2\/pages\/21\/revisions"}],"predecessor-version":[{"id":168,"href":"https:\/\/www.is-adventure.com\/es\/wp-json\/wp\/v2\/pages\/21\/revisions\/168"}],"wp:attachment":[{"href":"https:\/\/www.is-adventure.com\/es\/wp-json\/wp\/v2\/media?parent=21"}],"curies":[{"name":"wp","href":"https:\/\/api.w.org\/{rel}","templated":true}]}}