{"id":22,"date":"2026-03-28T08:35:21","date_gmt":"2026-03-28T07:35:21","guid":{"rendered":"http:\/\/is-adventure.local\/contact\/"},"modified":"2026-03-28T14:09:55","modified_gmt":"2026-03-28T13:09:55","slug":"contact","status":"publish","type":"page","link":"https:\/\/www.is-adventure.com\/es\/contact\/","title":{"rendered":"CONTACTO"},"content":{"rendered":"<section class=\"isa-hero-section\" style=\"position:relative;min-height:50vh;align-items:center;justify-content:center;padding:120px 20px 60px\">\n<div style=\"position:relative;z-index:10;text-align:center\">\n    <span class=\"isa-badge\"><span class=\"isa-badge-dot\"><\/span> DISPONIBLE 7 D\u00cdAS \/ 7<\/span><\/p>\n<h1 style=\"font-family:'Rajdhani',sans-serif;font-size:clamp(2rem,5vw,3rem);font-weight:700;color:white;margin:16px 0 0\" class=\"translation-block\">Cont\u00e1ctenos<\/h1>\n<\/p><\/div>\n<\/section>\n<section style=\"padding:80px 20px;background:#1E293B\">\n<div style=\"max-width:1200px;margin:0 auto;display:flex;gap:64px;flex-wrap:wrap\" class=\"isa-reveal\">\n<div style=\"flex:1;min-width:300px\">\n      <span class=\"isa-section-label\">INFORMACI\u00d3N<\/span><\/p>\n<h2 class=\"isa-section-title\" style=\"margin-bottom:16px\">Hablemos de tu <span style=\"color:#F97316\">aventura<\/span><\/h2>\n<p style=\"color:rgba(255,255,255,0.6);margin-bottom:32px;line-height:1.7\">Nuestro equipo est\u00e1 disponible los 7 d\u00edas de la semana para organizar su excursi\u00f3n en el desierto de Merzouga.<\/p>\n<div class=\"isa-contact-info-item\">\n<div class=\"isa-contact-icon\">\ud83d\udccd<\/div>\n<div>\n<div class=\"isa-contact-label\">Direcci\u00f3n<\/div>\n<div class=\"isa-contact-value\"><a href=\"https:\/\/maps.app.goo.gl\/qcffDtGQvZmsmaHE6\" target=\"_blank\" rel=\"noopener\" style=\"color:white\">IS Adventure, Merzouga, Marruecos<\/a><\/div>\n<\/div>\n<\/div>\n<div class=\"isa-contact-info-item\">\n<div class=\"isa-contact-icon\">\ud83d\udcde<\/div>\n<div>\n<div class=\"isa-contact-label\">Tel\u00e9fono \/ WhatsApp<\/div>\n<div class=\"isa-contact-value\"><a href=\"tel:+212639709000\" style=\"color:white\">+212 639 709 000<\/a><\/div>\n<\/div>\n<\/div>\n<div class=\"isa-contact-info-item\">\n<div class=\"isa-contact-icon\">\u2709\ufe0f<\/div>\n<div>\n<div class=\"isa-contact-label\">EMAIL<\/div>\n<div class=\"isa-contact-value\"><a href=\"mailto:i.s.adventure.ma@gmail.com\" style=\"color:white\">i.s.adventure.ma@gmail.com<\/a><\/div>\n<\/div>\n<\/div>\n<div class=\"isa-contact-info-item\">\n<div class=\"isa-contact-icon\">\ud83d\udd50<\/div>\n<div>\n<div class=\"isa-contact-label\">Horarios<\/div>\n<div class=\"isa-contact-value translation-block\">Lun \u2013 Dom: 8:30 \u2013 20:00<\/div>\n<\/div>\n<\/div><\/div>\n<div style=\"flex:1;min-width:300px\" class=\"isa-glass-card isa-form-dark\">\n<h3 style=\"font-family:'Rajdhani',sans-serif;font-size:24px;font-weight:700;color:white;margin:0 0 4px\">Env\u00edenos un mensaje<\/h3>\n<p style=\"font-size:14px;margin:0 0 20px\">Le responderemos en 24 horas.<\/p>\n\n<div class=\"wpcf7 no-js\" id=\"wpcf7-f41-o1\" lang=\"\" dir=\"ltr\" data-wpcf7-id=\"41\">\n<div class=\"screen-reader-response\"><p role=\"status\" aria-live=\"polite\" aria-atomic=\"true\"><\/p> <ul><\/ul><\/div>\n<form action=\"\/es\/wp-json\/wp\/v2\/pages\/22#wpcf7-f41-o1\" method=\"post\" class=\"wpcf7-form init\" aria-label=\"Formulario de contacto\" novalidate=\"novalidate\" data-status=\"init\" data-trp-original-action=\"\/es\/wp-json\/wp\/v2\/pages\/22#wpcf7-f41-o1\">\n<fieldset class=\"hidden-fields-container\"><input type=\"hidden\" name=\"_wpcf7\" value=\"41\" \/><input type=\"hidden\" name=\"_wpcf7_version\" value=\"6.1.5\" \/><input type=\"hidden\" name=\"_wpcf7_locale\" value=\"\" \/><input type=\"hidden\" name=\"_wpcf7_unit_tag\" value=\"wpcf7-f41-o1\" \/><input type=\"hidden\" name=\"_wpcf7_container_post\" value=\"0\" \/><input type=\"hidden\" name=\"_wpcf7_posted_data_hash\" value=\"\" \/>\n<\/fieldset>\n<p><label>NOMBRE COMPLETO<br \/>\n<span class=\"wpcf7-form-control-wrap\" data-name=\"your-name\"><input size=\"40\" maxlength=\"400\" class=\"wpcf7-form-control wpcf7-text wpcf7-validates-as-required\" aria-required=\"true\" aria-invalid=\"false\" placeholder=\"Su nombre completo\" value=\"\" type=\"text\" name=\"your-name\" \/><\/span><\/label>\n<\/p>\n<p><label>EMAIL<br \/>\n<span class=\"wpcf7-form-control-wrap\" data-name=\"your-email\"><input size=\"40\" maxlength=\"400\" class=\"wpcf7-form-control wpcf7-email wpcf7-validates-as-required wpcf7-text wpcf7-validates-as-email\" aria-required=\"true\" aria-invalid=\"false\" placeholder=\"su@email.com\" value=\"\" type=\"email\" name=\"your-email\" \/><\/span><\/label>\n<\/p>\n<p><label>TEL\u00c9FONO<br \/>\n<span class=\"wpcf7-form-control-wrap\" data-name=\"your-phone\"><input size=\"40\" maxlength=\"400\" class=\"wpcf7-form-control wpcf7-tel wpcf7-validates-as-required wpcf7-text wpcf7-validates-as-tel isa-phone-input\" aria-required=\"true\" aria-invalid=\"false\" placeholder=\"Su n\u00famero\" value=\"\" type=\"tel\" name=\"your-phone\" \/><\/span><\/label>\n<\/p>\n<p><label>ASUNTO<br \/>\n<span class=\"wpcf7-form-control-wrap\" data-name=\"your-subject\"><select class=\"wpcf7-form-control wpcf7-select wpcf7-validates-as-required\" aria-required=\"true\" aria-invalid=\"false\" name=\"your-subject\"><option value=\"Question g\u00e9n\u00e9rale\">Pregunta general<\/option><option value=\"Demande de tarifs\">Consulta de precios<\/option><option value=\"R\u00e9servation groupe\">Reserva de grupo<\/option><option value=\"Partenariat\">Colaboraci\u00f3n<\/option><option value=\"Autre\">Otro<\/option><\/select><\/span><\/label>\n<\/p>\n<p><label>MENSAJE<br \/>\n<span class=\"wpcf7-form-control-wrap\" data-name=\"your-message\"><textarea cols=\"40\" rows=\"10\" maxlength=\"2000\" class=\"wpcf7-form-control wpcf7-textarea wpcf7-validates-as-required\" aria-required=\"true\" aria-invalid=\"false\" placeholder=\"Su mensaje...\" name=\"your-message\"><\/textarea><\/span><\/label>\n<\/p>\n<p><input class=\"wpcf7-form-control wpcf7-submit has-spinner isa-btn-primary\" type=\"submit\" value=\"ENVIAR MENSAJE\" \/>\n<\/p><input type='hidden' class='wpcf7-pum' value='{\"closepopup\":false,\"closedelay\":0,\"openpopup\":false,\"openpopup_id\":0}' \/><div class=\"wpcf7-response-output\" aria-hidden=\"true\"><\/div>\n<input type=\"hidden\" name=\"trp-form-language\" value=\"es\"\/><\/form>\n<\/div>\n<\/div>\n<\/p><\/div>\n<\/section>\n<section style=\"padding:0;background:#0F172A\">\n<\/section>\n<p><!-- FOOTER --><\/p>","protected":false},"excerpt":{"rendered":"<p>DISPONIBLE 7J\/7 Contactez-nous INFORMATIONS Parlons de votre aventure Notre \u00e9quipe est disponible 7j\/7 pour organiser votre excursion dans le d\u00e9sert de Merzouga. \ud83d\udccd Adresse IS Adventure, Merzouga, Maroc \ud83d\udcde T\u00e9l\u00e9phone \/ WhatsApp +212 639 709 000 \u2709\ufe0f Email i.s.adventure.ma@gmail.com \ud83d\udd50 Horaires Lun &#8211; Dim : 8h30 &#8211; 20h00 Envoyez-nous un message Nous vous r\u00e9pondrons dans [&hellip;]<\/p>\n","protected":false},"author":1,"featured_media":0,"parent":0,"menu_order":0,"comment_status":"closed","ping_status":"closed","template":"page-canvas.php","meta":{"footnotes":""},"class_list":["post-22","page","type-page","status-publish","hentry"],"_links":{"self":[{"href":"https:\/\/www.is-adventure.com\/es\/wp-json\/wp\/v2\/pages\/22","targetHints":{"allow":["GET"]}}],"collection":[{"href":"https:\/\/www.is-adventure.com\/es\/wp-json\/wp\/v2\/pages"}],"about":[{"href":"https:\/\/www.is-adventure.com\/es\/wp-json\/wp\/v2\/types\/page"}],"author":[{"embeddable":true,"href":"https:\/\/www.is-adventure.com\/es\/wp-json\/wp\/v2\/users\/1"}],"replies":[{"embeddable":true,"href":"https:\/\/www.is-adventure.com\/es\/wp-json\/wp\/v2\/comments?post=22"}],"version-history":[{"count":7,"href":"https:\/\/www.is-adventure.com\/es\/wp-json\/wp\/v2\/pages\/22\/revisions"}],"predecessor-version":[{"id":179,"href":"https:\/\/www.is-adventure.com\/es\/wp-json\/wp\/v2\/pages\/22\/revisions\/179"}],"wp:attachment":[{"href":"https:\/\/www.is-adventure.com\/es\/wp-json\/wp\/v2\/media?parent=22"}],"curies":[{"name":"wp","href":"https:\/\/api.w.org\/{rel}","templated":true}]}}